{"id":8,"date":"2025-03-03T14:26:16","date_gmt":"2025-03-03T14:26:16","guid":{"rendered":"https:\/\/lesconfessions.com\/home\/?page_id=8"},"modified":"2025-05-20T08:30:58","modified_gmt":"2025-05-20T08:30:58","slug":"elementor-8","status":"publish","type":"page","link":"https:\/\/lesconfessions.com\/home\/","title":{"rendered":"Home"},"content":{"rendered":"\t\t<div data-elementor-type=\"wp-page\" data-elementor-id=\"8\" class=\"elementor elementor-8\" data-elementor-post-type=\"page\">\n\t\t\t\t<div class=\"elementor-element elementor-element-6a83ba4 e-flex e-con-boxed e-con e-parent\" data-id=\"6a83ba4\" data-element_type=\"container\" data-e-type=\"container\">\n\t\t\t\t\t<div class=\"e-con-inner\">\n\t\t\t\t<div class=\"elementor-element elementor-element-00abb8c elementor-invisible elementor-widget elementor-widget-image\" data-id=\"00abb8c\" data-element_type=\"widget\" data-e-type=\"widget\" data-settings=\"{&quot;_animation&quot;:&quot;slideInUp&quot;}\" data-widget_type=\"image.default\">\n\t\t\t\t<div class=\"elementor-widget-container\">\n\t\t\t\t\t\t\t\t\t\t\t\t\t\t\t<img fetchpriority=\"high\" decoding=\"async\" width=\"800\" height=\"160\" src=\"https:\/\/lesconfessions.com\/home\/wp-content\/uploads\/2025\/03\/Logoteksti-valkoinen.png\" class=\"attachment-large size-large wp-image-14\" alt=\"\" srcset=\"https:\/\/lesconfessions.com\/home\/wp-content\/uploads\/2025\/03\/Logoteksti-valkoinen.png 1003w, https:\/\/lesconfessions.com\/home\/wp-content\/uploads\/2025\/03\/Logoteksti-valkoinen-300x60.png 300w, https:\/\/lesconfessions.com\/home\/wp-content\/uploads\/2025\/03\/Logoteksti-valkoinen-768x154.png 768w\" sizes=\"(max-width: 800px) 100vw, 800px\" \/>\t\t\t\t\t\t\t\t\t\t\t\t\t\t\t<\/div>\n\t\t\t\t<\/div>\n\t\t\t\t\t<\/div>\n\t\t\t\t<\/div>\n\t\t<div class=\"elementor-element elementor-element-69bf649 e-flex e-con-boxed e-con e-parent\" data-id=\"69bf649\" data-element_type=\"container\" data-e-type=\"container\">\n\t\t\t\t\t<div class=\"e-con-inner\">\n\t\t\t\t<div class=\"elementor-element elementor-element-c6b9a24 elementor-widget__width-initial elementor-widget-mobile__width-initial elementor-invisible elementor-widget elementor-widget-text-editor\" data-id=\"c6b9a24\" data-element_type=\"widget\" data-e-type=\"widget\" data-settings=\"{&quot;_animation&quot;:&quot;slideInUp&quot;}\" data-widget_type=\"text-editor.default\">\n\t\t\t\t<div class=\"elementor-widget-container\">\n\t\t\t\t\t\t\t\t\t<p>Les Confessions Trio on Keski-Suomalainen Django Reinhardtin musiikkia esitt\u00e4v\u00e4 kokoonpano, jonka muodostavat kitaristit Sakari Lahti ja Niilo Oikari sek\u00e4 kontrabasisti Severi Lehtim\u00e4ki.<span style=\"font-family: var( --e-global-typography-text-font-family ), Sans-serif; text-align: var(--text-align); font-size: 1rem;\">\u00a0Django Reinhardt (1910 &#8211; 1953) oli belgialainen kitaristi, jonka omaleimainen tapa l\u00e4hesty\u00e4 jazz-musiikkia on muodostunut Edith Piafin \u00e4\u00e4nen tavoin keskeiseksi osaksi pariisilaista \u00e4\u00e4nimaailmaa.<\/span><\/p><p>Les Confessions Trion ohjelmisto koostuu sek\u00e4 Djangon omista s\u00e4vellyksist\u00e4, ett\u00e4 h\u00e4nen tulkitsemistaan 30-40-lukujen amerikkalaisista jazz-standardeista.<\/p><p>Lahden ja Oikarin yhteinen soittohistoria ylettyy vuoteen 2016 asti, josta l\u00e4htien he ovat musisoineet s\u00e4\u00e4nn\u00f6llisesti ymp\u00e4ri Suomea ja Eurooppaa.<\/p>\t\t\t\t\t\t\t\t<\/div>\n\t\t\t\t<\/div>\n\t\t\t\t<div class=\"elementor-element elementor-element-6b181a0 elementor-invisible elementor-widget elementor-widget-image\" data-id=\"6b181a0\" data-element_type=\"widget\" data-e-type=\"widget\" data-settings=\"{&quot;_animation&quot;:&quot;slideInUp&quot;}\" data-widget_type=\"image.default\">\n\t\t\t\t<div class=\"elementor-widget-container\">\n\t\t\t\t\t\t\t\t\t\t\t\t\t\t\t<img decoding=\"async\" width=\"800\" height=\"723\" src=\"https:\/\/lesconfessions.com\/home\/wp-content\/uploads\/2025\/03\/Promokuva-1-nettisivuille-1024x926.jpeg\" class=\"attachment-large size-large wp-image-15\" alt=\"\" srcset=\"https:\/\/lesconfessions.com\/home\/wp-content\/uploads\/2025\/03\/Promokuva-1-nettisivuille-1024x926.jpeg 1024w, https:\/\/lesconfessions.com\/home\/wp-content\/uploads\/2025\/03\/Promokuva-1-nettisivuille-300x271.jpeg 300w, https:\/\/lesconfessions.com\/home\/wp-content\/uploads\/2025\/03\/Promokuva-1-nettisivuille-768x695.jpeg 768w, https:\/\/lesconfessions.com\/home\/wp-content\/uploads\/2025\/03\/Promokuva-1-nettisivuille-1536x1390.jpeg 1536w, https:\/\/lesconfessions.com\/home\/wp-content\/uploads\/2025\/03\/Promokuva-1-nettisivuille.jpeg 1984w\" sizes=\"(max-width: 800px) 100vw, 800px\" \/>\t\t\t\t\t\t\t\t\t\t\t\t\t\t\t<\/div>\n\t\t\t\t<\/div>\n\t\t\t\t\t<\/div>\n\t\t\t\t<\/div>\n\t\t<div class=\"elementor-element elementor-element-a955fd7 e-flex e-con-boxed e-con e-parent\" data-id=\"a955fd7\" data-element_type=\"container\" data-e-type=\"container\">\n\t\t\t\t\t<div class=\"e-con-inner\">\n\t\t\t\t<div class=\"elementor-element elementor-element-8be09d1 elementor-invisible elementor-widget elementor-widget-image\" data-id=\"8be09d1\" data-element_type=\"widget\" data-e-type=\"widget\" data-settings=\"{&quot;_animation&quot;:&quot;slideInLeft&quot;}\" data-widget_type=\"image.default\">\n\t\t\t\t<div class=\"elementor-widget-container\">\n\t\t\t\t\t\t\t\t\t\t\t\t\t\t\t<img decoding=\"async\" width=\"800\" height=\"865\" src=\"https:\/\/lesconfessions.com\/home\/wp-content\/uploads\/2025\/03\/Kuva-2-nettisivuille-947x1024.jpeg\" class=\"attachment-large size-large wp-image-19\" alt=\"\" srcset=\"https:\/\/lesconfessions.com\/home\/wp-content\/uploads\/2025\/03\/Kuva-2-nettisivuille-947x1024.jpeg 947w, https:\/\/lesconfessions.com\/home\/wp-content\/uploads\/2025\/03\/Kuva-2-nettisivuille-277x300.jpeg 277w, https:\/\/lesconfessions.com\/home\/wp-content\/uploads\/2025\/03\/Kuva-2-nettisivuille-768x830.jpeg 768w, https:\/\/lesconfessions.com\/home\/wp-content\/uploads\/2025\/03\/Kuva-2-nettisivuille-1421x1536.jpeg 1421w, https:\/\/lesconfessions.com\/home\/wp-content\/uploads\/2025\/03\/Kuva-2-nettisivuille.jpeg 1701w\" sizes=\"(max-width: 800px) 100vw, 800px\" \/>\t\t\t\t\t\t\t\t\t\t\t\t\t\t\t<\/div>\n\t\t\t\t<\/div>\n\t\t\t\t<div class=\"elementor-element elementor-element-bcaa759 elementor-widget__width-initial elementor-invisible elementor-widget elementor-widget-text-editor\" data-id=\"bcaa759\" data-element_type=\"widget\" data-e-type=\"widget\" data-settings=\"{&quot;_animation&quot;:&quot;slideInRight&quot;}\" data-widget_type=\"text-editor.default\">\n\t\t\t\t<div class=\"elementor-widget-container\">\n\t\t\t\t\t\t\t\t\t<p>Sakari Lahti (vasemmalla) &#8211; Akustinen kitara<\/p><p>Niilo Oikari (keskell\u00e4) &#8211; Akustinen kitara<\/p><p>Severi Lehtim\u00e4ki (oikealla) &#8211; Kontrabasso<\/p>\t\t\t\t\t\t\t\t<\/div>\n\t\t\t\t<\/div>\n\t\t\t\t\t<\/div>\n\t\t\t\t<\/div>\n\t\t<div class=\"elementor-element elementor-element-ae45a85 e-flex e-con-boxed e-con e-parent\" data-id=\"ae45a85\" data-element_type=\"container\" data-e-type=\"container\">\n\t\t\t\t\t<div class=\"e-con-inner\">\n\t\t<div class=\"elementor-element elementor-element-0fb6118 e-con-full e-flex e-con e-child\" data-id=\"0fb6118\" data-element_type=\"container\" data-e-type=\"container\">\n\t\t\t\t<div class=\"elementor-element elementor-element-e3c865a elementor-invisible elementor-widget elementor-widget-heading\" data-id=\"e3c865a\" data-element_type=\"widget\" data-e-type=\"widget\" data-settings=\"{&quot;_animation&quot;:&quot;slideInUp&quot;}\" data-widget_type=\"heading.default\">\n\t\t\t\t<div class=\"elementor-widget-container\">\n\t\t\t\t\t<h2 class=\"elementor-heading-title elementor-size-default\">Soitton\u00e4ytteit\u00e4:<\/h2>\t\t\t\t<\/div>\n\t\t\t\t<\/div>\n\t\t\t\t<\/div>\n\t\t<div class=\"elementor-element elementor-element-7278f4d e-con-full e-flex e-con e-child\" data-id=\"7278f4d\" data-element_type=\"container\" data-e-type=\"container\">\n\t\t\t\t<div class=\"elementor-element elementor-element-40a9285 elementor-widget elementor-widget-video\" data-id=\"40a9285\" data-element_type=\"widget\" data-e-type=\"widget\" data-settings=\"{&quot;youtube_url&quot;:&quot;https:\\\/\\\/youtu.be\\\/Oefs7t7DE9g?si=cbHCyn7cCrZQe3en&quot;,&quot;video_type&quot;:&quot;youtube&quot;,&quot;controls&quot;:&quot;yes&quot;}\" data-widget_type=\"video.default\">\n\t\t\t\t<div class=\"elementor-widget-container\">\n\t\t\t\t\t\t\t<div class=\"elementor-wrapper elementor-open-inline\">\n\t\t\t<div class=\"elementor-video\"><\/div>\t\t<\/div>\n\t\t\t\t\t\t<\/div>\n\t\t\t\t<\/div>\n\t\t\t\t<div class=\"elementor-element elementor-element-a1633c7 elementor-widget elementor-widget-video\" data-id=\"a1633c7\" data-element_type=\"widget\" data-e-type=\"widget\" data-settings=\"{&quot;youtube_url&quot;:&quot;https:\\\/\\\/youtu.be\\\/o3GVrYDYOjs&quot;,&quot;video_type&quot;:&quot;youtube&quot;,&quot;controls&quot;:&quot;yes&quot;}\" data-widget_type=\"video.default\">\n\t\t\t\t<div class=\"elementor-widget-container\">\n\t\t\t\t\t\t\t<div class=\"elementor-wrapper elementor-open-inline\">\n\t\t\t<div class=\"elementor-video\"><\/div>\t\t<\/div>\n\t\t\t\t\t\t<\/div>\n\t\t\t\t<\/div>\n\t\t\t\t<\/div>\n\t\t\t\t\t<\/div>\n\t\t\t\t<\/div>\n\t\t<div class=\"elementor-element elementor-element-1ecd7b2 e-flex e-con-boxed elementor-invisible e-con e-parent\" data-id=\"1ecd7b2\" data-element_type=\"container\" data-e-type=\"container\" data-settings=\"{&quot;animation&quot;:&quot;slideInUp&quot;}\">\n\t\t\t\t\t<div class=\"e-con-inner\">\n\t\t\t\t<div class=\"elementor-element elementor-element-866ab05 elementor-widget elementor-widget-heading\" data-id=\"866ab05\" data-element_type=\"widget\" data-e-type=\"widget\" data-widget_type=\"heading.default\">\n\t\t\t\t<div class=\"elementor-widget-container\">\n\t\t\t\t\t<h2 class=\"elementor-heading-title elementor-size-default\">Ota yhteytt\u00e4 \/ Tilaa keikalle:<\/h2>\t\t\t\t<\/div>\n\t\t\t\t<\/div>\n\t\t\t\t<div class=\"elementor-element elementor-element-2ed0a73 elementor-widget elementor-widget-text-editor\" data-id=\"2ed0a73\" data-element_type=\"widget\" data-e-type=\"widget\" data-widget_type=\"text-editor.default\">\n\t\t\t\t<div class=\"elementor-widget-container\">\n\t\t\t\t\t\t\t\t\t<p>Vastaamme s\u00e4hk\u00f6postitse mahdollisimman pian. My\u00f6s duo-keikat mahdollisia.<\/p>\t\t\t\t\t\t\t\t<\/div>\n\t\t\t\t<\/div>\n\t\t\t\t<div class=\"elementor-element elementor-element-4f37171 elementor-button-align-stretch elementor-widget elementor-widget-form\" data-id=\"4f37171\" data-element_type=\"widget\" data-e-type=\"widget\" data-settings=\"{&quot;step_next_label&quot;:&quot;Next&quot;,&quot;step_previous_label&quot;:&quot;Previous&quot;,&quot;button_width&quot;:&quot;100&quot;,&quot;step_type&quot;:&quot;number_text&quot;,&quot;step_icon_shape&quot;:&quot;circle&quot;}\" data-widget_type=\"form.default\">\n\t\t\t\t<div class=\"elementor-widget-container\">\n\t\t\t\t\t\t\t<form class=\"elementor-form\" method=\"post\" name=\"Ota yhteytt\u00e4\" aria-label=\"Ota yhteytt\u00e4\">\n\t\t\t<input type=\"hidden\" name=\"post_id\" value=\"8\"\/>\n\t\t\t<input type=\"hidden\" name=\"form_id\" value=\"4f37171\"\/>\n\t\t\t<input type=\"hidden\" name=\"referer_title\" value=\"\" \/>\n\n\t\t\t\n\t\t\t<div class=\"elementor-form-fields-wrapper elementor-labels-above\">\n\t\t\t\t\t\t\t\t<div class=\"elementor-field-type-text elementor-field-group elementor-column elementor-field-group-name elementor-col-100\">\n\t\t\t\t\t\t\t\t\t\t\t\t<label for=\"form-field-name\" class=\"elementor-field-label\">\n\t\t\t\t\t\t\t\tNimi:\t\t\t\t\t\t\t<\/label>\n\t\t\t\t\t\t\t\t\t\t\t\t\t\t<input size=\"1\" type=\"text\" name=\"form_fields[name]\" id=\"form-field-name\" class=\"elementor-field elementor-size-sm  elementor-field-textual\" placeholder=\"Nimi\">\n\t\t\t\t\t\t\t\t\t\t\t<\/div>\n\t\t\t\t\t\t\t\t<div class=\"elementor-field-type-email elementor-field-group elementor-column elementor-field-group-email elementor-col-100 elementor-field-required\">\n\t\t\t\t\t\t\t\t\t\t\t\t<label for=\"form-field-email\" class=\"elementor-field-label\">\n\t\t\t\t\t\t\t\tS\u00e4hk\u00f6posti:\t\t\t\t\t\t\t<\/label>\n\t\t\t\t\t\t\t\t\t\t\t\t\t\t<input size=\"1\" type=\"email\" name=\"form_fields[email]\" id=\"form-field-email\" class=\"elementor-field elementor-size-sm  elementor-field-textual\" placeholder=\"S\u00e4hk\u00f6posti\" required=\"required\">\n\t\t\t\t\t\t\t\t\t\t\t<\/div>\n\t\t\t\t\t\t\t\t<div class=\"elementor-field-type-textarea elementor-field-group elementor-column elementor-field-group-message elementor-col-100\">\n\t\t\t\t\t\t\t\t\t\t\t\t<label for=\"form-field-message\" class=\"elementor-field-label\">\n\t\t\t\t\t\t\t\tViesti:\t\t\t\t\t\t\t<\/label>\n\t\t\t\t\t\t<textarea class=\"elementor-field-textual elementor-field  elementor-size-sm\" name=\"form_fields[message]\" id=\"form-field-message\" rows=\"4\" placeholder=\"Viesti\"><\/textarea>\t\t\t\t<\/div>\n\t\t\t\t\t\t\t\t<div class=\"elementor-field-group elementor-column elementor-field-type-submit elementor-col-100 e-form__buttons\">\n\t\t\t\t\t<button class=\"elementor-button elementor-size-sm\" type=\"submit\">\n\t\t\t\t\t\t<span class=\"elementor-button-content-wrapper\">\n\t\t\t\t\t\t\t\t\t\t\t\t\t\t\t\t\t\t\t\t\t\t<span class=\"elementor-button-text\">Send<\/span>\n\t\t\t\t\t\t\t\t\t\t\t\t\t<\/span>\n\t\t\t\t\t<\/button>\n\t\t\t\t<\/div>\n\t\t\t<\/div>\n\t\t<\/form>\n\t\t\t\t\t\t<\/div>\n\t\t\t\t<\/div>\n\t\t\t\t\t<\/div>\n\t\t\t\t<\/div>\n\t\t<div class=\"elementor-element elementor-element-fd39f2f e-flex e-con-boxed elementor-invisible e-con e-parent\" data-id=\"fd39f2f\" data-element_type=\"container\" data-e-type=\"container\" data-settings=\"{&quot;animation&quot;:&quot;slideInUp&quot;}\">\n\t\t\t\t\t<div class=\"e-con-inner\">\n\t\t\t\t<div class=\"elementor-element elementor-element-5ca055e elementor-widget elementor-widget-heading\" data-id=\"5ca055e\" data-element_type=\"widget\" data-e-type=\"widget\" data-widget_type=\"heading.default\">\n\t\t\t\t<div class=\"elementor-widget-container\">\n\t\t\t\t\t<h2 class=\"elementor-heading-title elementor-size-default\">Yhteystiedot<\/h2>\t\t\t\t<\/div>\n\t\t\t\t<\/div>\n\t\t<div class=\"elementor-element elementor-element-8dd746c e-con-full e-flex e-con e-child\" data-id=\"8dd746c\" data-element_type=\"container\" data-e-type=\"container\">\n\t\t\t\t<div class=\"elementor-element elementor-element-3e3791d elementor-widget elementor-widget-text-editor\" data-id=\"3e3791d\" data-element_type=\"widget\" data-e-type=\"widget\" data-widget_type=\"text-editor.default\">\n\t\t\t\t<div class=\"elementor-widget-container\">\n\t\t\t\t\t\t\t\t\t<p>niilo.oikari@gmail.com<\/p><p>+358456315724<\/p>\t\t\t\t\t\t\t\t<\/div>\n\t\t\t\t<\/div>\n\t\t\t\t<div class=\"elementor-element elementor-element-b9202ca elementor-widget__width-initial elementor-widget elementor-widget-image\" data-id=\"b9202ca\" data-element_type=\"widget\" data-e-type=\"widget\" data-widget_type=\"image.default\">\n\t\t\t\t<div class=\"elementor-widget-container\">\n\t\t\t\t\t\t\t\t\t\t\t\t\t\t\t<img loading=\"lazy\" decoding=\"async\" width=\"150\" height=\"150\" src=\"https:\/\/lesconfessions.com\/home\/wp-content\/uploads\/2025\/03\/Les-confessions-trio-logo-transparent-150x150.png\" class=\"attachment-thumbnail size-thumbnail wp-image-21\" alt=\"\" srcset=\"https:\/\/lesconfessions.com\/home\/wp-content\/uploads\/2025\/03\/Les-confessions-trio-logo-transparent-150x150.png 150w, https:\/\/lesconfessions.com\/home\/wp-content\/uploads\/2025\/03\/Les-confessions-trio-logo-transparent-300x300.png 300w, https:\/\/lesconfessions.com\/home\/wp-content\/uploads\/2025\/03\/Les-confessions-trio-logo-transparent.png 512w\" sizes=\"(max-width: 150px) 100vw, 150px\" \/>\t\t\t\t\t\t\t\t\t\t\t\t\t\t\t<\/div>\n\t\t\t\t<\/div>\n\t\t\t\t<div class=\"elementor-element elementor-element-d69011c elementor-view-default elementor-invisible elementor-widget elementor-widget-icon\" data-id=\"d69011c\" data-element_type=\"widget\" data-e-type=\"widget\" data-settings=\"{&quot;_animation_mobile&quot;:&quot;pulse&quot;,&quot;_animation&quot;:&quot;pulse&quot;}\" data-widget_type=\"icon.default\">\n\t\t\t\t<div class=\"elementor-widget-container\">\n\t\t\t\t\t\t\t<div class=\"elementor-icon-wrapper\">\n\t\t\t<a class=\"elementor-icon\" href=\"https:\/\/www.instagram.com\/lesconfessionstrio\/\">\n\t\t\t<svg aria-hidden=\"true\" class=\"e-font-icon-svg e-fab-instagram\" viewBox=\"0 0 448 512\" xmlns=\"http:\/\/www.w3.org\/2000\/svg\"><path d=\"M224.1 141c-63.6 0-114.9 51.3-114.9 114.9s51.3 114.9 114.9 114.9S339 319.5 339 255.9 287.7 141 224.1 141zm0 189.6c-41.1 0-74.7-33.5-74.7-74.7s33.5-74.7 74.7-74.7 74.7 33.5 74.7 74.7-33.6 74.7-74.7 74.7zm146.4-194.3c0 14.9-12 26.8-26.8 26.8-14.9 0-26.8-12-26.8-26.8s12-26.8 26.8-26.8 26.8 12 26.8 26.8zm76.1 27.2c-1.7-35.9-9.9-67.7-36.2-93.9-26.2-26.2-58-34.4-93.9-36.2-37-2.1-147.9-2.1-184.9 0-35.8 1.7-67.6 9.9-93.9 36.1s-34.4 58-36.2 93.9c-2.1 37-2.1 147.9 0 184.9 1.7 35.9 9.9 67.7 36.2 93.9s58 34.4 93.9 36.2c37 2.1 147.9 2.1 184.9 0 35.9-1.7 67.7-9.9 93.9-36.2 26.2-26.2 34.4-58 36.2-93.9 2.1-37 2.1-147.8 0-184.8zM398.8 388c-7.8 19.6-22.9 34.7-42.6 42.6-29.5 11.7-99.5 9-132.1 9s-102.7 2.6-132.1-9c-19.6-7.8-34.7-22.9-42.6-42.6-11.7-29.5-9-99.5-9-132.1s-2.6-102.7 9-132.1c7.8-19.6 22.9-34.7 42.6-42.6 29.5-11.7 99.5-9 132.1-9s102.7-2.6 132.1 9c19.6 7.8 34.7 22.9 42.6 42.6 11.7 29.5 9 99.5 9 132.1s2.7 102.7-9 132.1z\"><\/path><\/svg>\t\t\t<\/a>\n\t\t<\/div>\n\t\t\t\t\t\t<\/div>\n\t\t\t\t<\/div>\n\t\t\t\t<\/div>\n\t\t\t\t\t<\/div>\n\t\t\t\t<\/div>\n\t\t\t\t<\/div>\n\t\t","protected":false},"excerpt":{"rendered":"<p>Les Confessions Trio on Keski-Suomalainen Django Reinhardtin musiikkia esitt\u00e4v\u00e4 kokoonpano, jonka muodostavat kitaristit Sakari Lahti ja Niilo Oikari sek\u00e4 kontrabasisti Severi Lehtim\u00e4ki.\u00a0Django Reinhardt (1910 &#8211; 1953) oli belgialainen kitaristi, jonka omaleimainen tapa l\u00e4hesty\u00e4 jazz-musiikkia on muodostunut Edith Piafin \u00e4\u00e4nen tavoin keskeiseksi osaksi pariisilaista \u00e4\u00e4nimaailmaa. Les Confessions Trion ohjelmisto koostuu sek\u00e4 Djangon omista s\u00e4vellyksist\u00e4, ett\u00e4 h\u00e4nen [&hellip;]<\/p>\n","protected":false},"author":1,"featured_media":0,"parent":0,"menu_order":0,"comment_status":"closed","ping_status":"closed","template":"","meta":{"footnotes":""},"class_list":["post-8","page","type-page","status-publish","hentry"],"_links":{"self":[{"href":"https:\/\/lesconfessions.com\/home\/wp-json\/wp\/v2\/pages\/8","targetHints":{"allow":["GET"]}}],"collection":[{"href":"https:\/\/lesconfessions.com\/home\/wp-json\/wp\/v2\/pages"}],"about":[{"href":"https:\/\/lesconfessions.com\/home\/wp-json\/wp\/v2\/types\/page"}],"author":[{"embeddable":true,"href":"https:\/\/lesconfessions.com\/home\/wp-json\/wp\/v2\/users\/1"}],"replies":[{"embeddable":true,"href":"https:\/\/lesconfessions.com\/home\/wp-json\/wp\/v2\/comments?post=8"}],"version-history":[{"count":20,"href":"https:\/\/lesconfessions.com\/home\/wp-json\/wp\/v2\/pages\/8\/revisions"}],"predecessor-version":[{"id":39,"href":"https:\/\/lesconfessions.com\/home\/wp-json\/wp\/v2\/pages\/8\/revisions\/39"}],"wp:attachment":[{"href":"https:\/\/lesconfessions.com\/home\/wp-json\/wp\/v2\/media?parent=8"}],"curies":[{"name":"wp","href":"https:\/\/api.w.org\/{rel}","templated":true}]}}